{"id":21403,"date":"2017-04-07T06:48:29","date_gmt":"2017-04-07T04:48:29","guid":{"rendered":"https:\/\/lafuenteabogados.com\/?page_id=21403"},"modified":"2023-02-03T09:26:24","modified_gmt":"2023-02-03T09:26:24","slug":"ramon-perpina-paris","status":"publish","type":"page","link":"https:\/\/lafuenteabogados.com\/en\/lawyers\/ramon-perpina-paris\/","title":{"rendered":"Ram\u00f3n Perpi\u00f1\u00e1 Par\u00eds"},"content":{"rendered":"\t\t<div data-elementor-type=\"wp-page\" data-elementor-id=\"21403\" class=\"elementor elementor-21403\" data-elementor-settings=\"{&quot;ha_cmc_init_switcher&quot;:&quot;no&quot;}\">\n\t\t\t\t        <section class=\"elementor-section elementor-top-section elementor-element elementor-element-969a271 elementor-section-stretched elementor-section-boxed elementor-section-height-default elementor-section-height-default ct-header-fixed-none ct-column-none ct-row-scroll-none\" data-id=\"969a271\" data-element_type=\"section\" data-e-type=\"section\" data-settings=\"{&quot;stretch_section&quot;:&quot;section-stretched&quot;,&quot;_ha_eqh_enable&quot;:false}\">\n            \n                        <div class=\"elementor-container elementor-column-gap-extended \">\n                    <div class=\"elementor-column elementor-col-50 elementor-top-column elementor-element elementor-element-ab29929 ct-column-sticky col-offset-none\" data-id=\"ab29929\" data-element_type=\"column\" data-e-type=\"column\">\n        <div class=\"elementor-widget-wrap elementor-element-populated\">\n                    \n        \t\t<div class=\"elementor-element elementor-element-7fc0bc7 elementor-widget elementor-widget-heading\" data-id=\"7fc0bc7\" data-element_type=\"widget\" data-e-type=\"widget\" data-widget_type=\"heading.default\">\n\t\t\t\t<div class=\"elementor-widget-container\">\n\t\t\t\t\t<div class=\"elementor-heading-title elementor-size-default\">Experience and professionalism<\/div>\t\t\t\t<\/div>\n\t\t\t\t<\/div>\n\t\t\t\t<div class=\"elementor-element elementor-element-8b153d9 elementor-widget-tablet__width-initial elementor-widget elementor-widget-ct_team_carousel\" data-id=\"8b153d9\" data-element_type=\"widget\" data-e-type=\"widget\" data-widget_type=\"ct_team_carousel.default\">\n\t\t\t\t<div class=\"elementor-widget-container\">\n\t\t\t\t\t    <div class=\"ct-team ct-team-carousel1 ct-slick-slider\">\r\n        <div class=\"ct-carousel-inner\">\r\n            <div class=\"ct-slick-carousel\" data-arrows=\"\" data-dots=\"\" data-pauseOnHover=\"\" data-autoplay=\"\" data-autoplaySpeed=\"5000\" data-infinite=\"\" data-speed=\"500\" data-colxs=\"1\" data-colsm=\"1\" data-colmd=\"1\" data-collg=\"1\" data-colxl=\"1\" data-dir=\"false\" data-slidesToScroll=\"1\">\r\n                                    <div class=\"carousel-item\">\r\n                        <div class=\"item--inner bg-image \" data-wow-duration=\"1.2s\">\r\n                                                            <div class=\"item--image\">\r\n                                    <a href=\"#contacto\">\r\n                                    <img fetchpriority=\"high\" decoding=\"async\" width=\"667\" height=\"645\" src=\"https:\/\/lafuenteabogados.com\/wp-content\/uploads\/2023\/01\/Ramon-Perpinya-Paris.jpg\" class=\"no-lazyload attachment-full\" alt=\"\" \/>                                    <\/a>                                                                            <div class=\"item--social\">\r\n                                            <div class=\"inner-social\">\r\n                                                <ul>\r\n                                                                                                    <\/ul>\r\n                                            <\/div>\r\n                                        <\/div>\r\n                                                                    <\/div>\r\n                                                        <div class=\"item--holder\">\r\n                                <h4 class=\"item--title\">    \r\n                                    Ram\u00f3n Perpi\u00f1\u00e1 Par\u00eds                                <\/h4>\r\n                                <div class=\"item--position\"><\/div>\r\n                            <\/div>\r\n                       <\/div>\r\n                    <\/div>\r\n                            <\/div>\r\n        <\/div>\r\n    <\/div>\r\n\t\t\t\t<\/div>\n\t\t\t\t<\/div>\n\t\t        <section class=\"elementor-section elementor-inner-section elementor-element elementor-element-19a0d91 elementor-section-boxed elementor-section-height-default elementor-section-height-default ct-header-fixed-none ct-column-none ct-row-scroll-none\" data-id=\"19a0d91\" data-element_type=\"section\" data-e-type=\"section\" data-settings=\"{&quot;background_background&quot;:&quot;classic&quot;,&quot;_ha_eqh_enable&quot;:false}\">\n            \n                        <div class=\"elementor-container elementor-column-gap-default \">\n                    <div class=\"elementor-column elementor-col-100 elementor-inner-column elementor-element elementor-element-51ae8e7 ct-column-none col-offset-none\" data-id=\"51ae8e7\" data-element_type=\"column\" data-e-type=\"column\">\n        <div class=\"elementor-widget-wrap elementor-element-populated\">\n                    \n        \t\t<div class=\"elementor-element elementor-element-ae1b507 elementor-widget__width-inherit elementor-widget elementor-widget-ct_button\" data-id=\"ae1b507\" data-element_type=\"widget\" data-e-type=\"widget\" data-widget_type=\"ct_button.default\">\n\t\t\t\t<div class=\"elementor-widget-container\">\n\t\t\t\t\t<div id=\"ct_button-ae1b507\" class=\"ct-button-wrapper ct-button-layout1\">\r\n    <div class=\"ct-inline-css\"  data-css=\"\r\n        \">\r\n    <\/div>\r\n\r\n            <span class=\"ct-icon-active\"><\/span>\r\n        <a href=\"#contact\" class=\"btn btn-primary btn-animate  icon-ps-left \" data-wow-delay=\"ms\">\r\n                            <span class=\"ct-button-icon ct-align-icon-left\">\r\n                            <\/span>\r\n                <span class=\"ct-button-text\">CONTACT US<\/span>\r\n    <\/a>\r\n<\/div>\t\t\t\t<\/div>\n\t\t\t\t<\/div>\n\t\t            <\/div>\n        <\/div>\n                    <\/div>\n        <\/section>\n                    <\/div>\n        <\/div>\n                <div class=\"elementor-column elementor-col-50 elementor-top-column elementor-element elementor-element-1f91280 ct-column-none col-offset-none\" data-id=\"1f91280\" data-element_type=\"column\" data-e-type=\"column\">\n        <div class=\"elementor-widget-wrap elementor-element-populated\">\n                    \n        \t\t<div class=\"elementor-element elementor-element-2e8b947 elementor-widget elementor-widget-ct_heading\" data-id=\"2e8b947\" data-element_type=\"widget\" data-e-type=\"widget\" data-widget_type=\"ct_heading.default\">\n\t\t\t\t<div class=\"elementor-widget-container\">\n\t\t\t\t\t<div class=\"ct-heading h-align- item-style1\">\r\n\t    <h3 class=\"item--title case-animate-time style1 \" data-wow-delay=\"ms\">\r\n        <span>Biography<\/span>    <\/h3>\r\n<\/div>\r\n\r\n\t\t\t\t<\/div>\n\t\t\t\t<\/div>\n\t\t\t\t<div class=\"elementor-element elementor-element-12394ce elementor-widget elementor-widget-ct_text_editor\" data-id=\"12394ce\" data-element_type=\"widget\" data-e-type=\"widget\" data-widget_type=\"ct_text_editor.default\">\n\t\t\t\t<div class=\"elementor-widget-container\">\n\t\t\t\t\t<div id=\"ct_text_editor-12394ce\" class=\"ct-text-editor style1 \" data-wow-delay=\"ms\">\n\t<div class=\"ct-inline-css\"  data-css=\"\n\t\t\">\n\n\t<\/div>\n\t<div class=\"ct-text-editor elementor-clearfix\">\n\t\t\t\t\n\t<\/div>\n<\/div>\t\t\t\t<\/div>\n\t\t\t\t<\/div>\n\t\t\t\t<div class=\"elementor-element elementor-element-2a8eb77 elementor-widget elementor-widget-ct_list\" data-id=\"2a8eb77\" data-element_type=\"widget\" data-e-type=\"widget\" data-widget_type=\"ct_list.default\">\n\t\t\t\t<div class=\"elementor-widget-container\">\n\t\t\t\t\t<div class=\"ct-list style2\">\r\n            <div class=\"ct-list-item \">\r\n                  <div class=\"ct-list-content\">\r\n            Law degree from the University of Balearic Islands in 1985.        <\/div>\r\n    <\/div>\r\n        <div class=\"ct-list-item \">\r\n                  <div class=\"ct-list-content\">\r\n            In 1986, he started his career in the law firm \u201cVillalonga Cerd\u00e1\u201d, in Palma de Mallorca, specialized in road accidents.        <\/div>\r\n    <\/div>\r\n        <div class=\"ct-list-item \">\r\n                  <div class=\"ct-list-content\">\r\n            Lawyer and Tax Advisor in \u201cVidal Asesores\u201d in Palma de Mallorca between 1988 and 1993.        <\/div>\r\n    <\/div>\r\n        <div class=\"ct-list-item \">\r\n                  <div class=\"ct-list-content\">\r\n            In 1997, he inaugurated his law firm: \u201cDespacho Pam\u00f3n Perpi\u00f1\u00e1 y asociados\u201d. He professionalized his union with diverse lawyers through a shared business project, which ended in 2007.        <\/div>\r\n    <\/div>\r\n        <div class=\"ct-list-item \">\r\n                  <div class=\"ct-list-content\">\r\n            He joined Lafuente Abogados in 2008.        <\/div>\r\n    <\/div>\r\n        <div class=\"ct-list-item \">\r\n                  <div class=\"ct-list-content\">\r\n            Member of the Balearic Islands Bar Association (ICAIB), no. 1.487.        <\/div>\r\n    <\/div>\r\n<\/div>\r\n\t\t\t\t<\/div>\n\t\t\t\t<\/div>\n\t\t\t\t<div class=\"elementor-element elementor-element-634efcd elementor-widget elementor-widget-ct_heading\" data-id=\"634efcd\" data-element_type=\"widget\" data-e-type=\"widget\" data-widget_type=\"ct_heading.default\">\n\t\t\t\t<div class=\"elementor-widget-container\">\n\t\t\t\t\t<div class=\"ct-heading h-align- item-style1\">\r\n\t    <h3 class=\"item--title case-animate-time style1 \" data-wow-delay=\"ms\">\r\n        <span>Languages<\/span>    <\/h3>\r\n<\/div>\r\n\r\n\t\t\t\t<\/div>\n\t\t\t\t<\/div>\n\t\t\t\t<div class=\"elementor-element elementor-element-57c3096 elementor-widget elementor-widget-text-editor\" data-id=\"57c3096\" data-element_type=\"widget\" data-e-type=\"widget\" data-widget_type=\"text-editor.default\">\n\t\t\t\t<div class=\"elementor-widget-container\">\n\t\t\t\t\t\t\t\t\t<p>Spanish, Catalan, English.<\/p>\t\t\t\t\t\t\t\t<\/div>\n\t\t\t\t<\/div>\n\t\t            <\/div>\n        <\/div>\n                    <\/div>\n        <\/section>\n                <section class=\"elementor-section elementor-top-section elementor-element elementor-element-545f8de elementor-section-stretched elementor-section-boxed elementor-section-height-default elementor-section-height-default ct-header-fixed-none ct-column-none ct-row-scroll-none\" data-id=\"545f8de\" data-element_type=\"section\" data-e-type=\"section\" data-settings=\"{&quot;stretch_section&quot;:&quot;section-stretched&quot;,&quot;background_background&quot;:&quot;classic&quot;,&quot;_ha_eqh_enable&quot;:false}\">\n                            <div class=\"elementor-background-overlay\"><\/div>\n                \n                        <div class=\"elementor-container elementor-column-gap-extended \">\n                    <div class=\"elementor-column elementor-col-100 elementor-top-column elementor-element elementor-element-b7ce8c7 ct-column-none col-offset-none\" data-id=\"b7ce8c7\" data-element_type=\"column\" data-e-type=\"column\">\n        <div class=\"elementor-widget-wrap elementor-element-populated\">\n                    \n                <section class=\"elementor-section elementor-inner-section elementor-element elementor-element-5e32a7b elementor-section-boxed elementor-section-height-default elementor-section-height-default ct-header-fixed-none ct-column-none ct-row-scroll-none\" data-id=\"5e32a7b\" data-element_type=\"section\" data-e-type=\"section\" data-settings=\"{&quot;_ha_eqh_enable&quot;:false}\">\n            \n                        <div class=\"elementor-container elementor-column-gap-extended \">\n                    <div class=\"elementor-column elementor-col-50 elementor-inner-column elementor-element elementor-element-e94f851 ct-column-none col-offset-none\" data-id=\"e94f851\" data-element_type=\"column\" data-e-type=\"column\">\n        <div class=\"elementor-widget-wrap elementor-element-populated\">\n                    \n        \t\t<div class=\"elementor-element elementor-element-e082dc6 elementor-widget elementor-widget-ct_heading\" data-id=\"e082dc6\" data-element_type=\"widget\" data-e-type=\"widget\" data-widget_type=\"ct_heading.default\">\n\t\t\t\t<div class=\"elementor-widget-container\">\n\t\t\t\t\t<div class=\"ct-heading h-align- item-style1\">\r\n\t\t\t<div class=\"item--sub-title style1\">\r\n            <span>\r\n                                Ram\u00f3n Perpi\u00f1\u00e1 Par\u00eds            <\/span>\r\n        <\/div>\r\n\t    <h3 class=\"item--title case-animate-time style1 \" data-wow-delay=\"ms\">\r\n        <span>Areas Of Practice<\/span>    <\/h3>\r\n<\/div>\r\n\r\n\t\t\t\t<\/div>\n\t\t\t\t<\/div>\n\t\t            <\/div>\n        <\/div>\n                <div class=\"elementor-column elementor-col-50 elementor-inner-column elementor-element elementor-element-67cc056 ct-column-none col-offset-none\" data-id=\"67cc056\" data-element_type=\"column\" data-e-type=\"column\">\n        <div class=\"elementor-widget-wrap elementor-element-populated\">\n                    \n        \t\t<div class=\"elementor-element elementor-element-42041da elementor-widget__width-initial elementor-widget elementor-widget-ct_text_editor\" data-id=\"42041da\" data-element_type=\"widget\" data-e-type=\"widget\" data-widget_type=\"ct_text_editor.default\">\n\t\t\t\t<div class=\"elementor-widget-container\">\n\t\t\t\t\t<div id=\"ct_text_editor-42041da\" class=\"ct-text-editor style1 \" data-wow-delay=\"ms\">\n\t<div class=\"ct-inline-css\"  data-css=\"\n\t\t\">\n\n\t<\/div>\n\t<div class=\"ct-text-editor elementor-clearfix\">\n\t\t\t\t\n\t<\/div>\n<\/div>\t\t\t\t<\/div>\n\t\t\t\t<\/div>\n\t\t            <\/div>\n        <\/div>\n                    <\/div>\n        <\/section>\n                <section class=\"elementor-section elementor-inner-section elementor-element elementor-element-a096f43 elementor-section-boxed elementor-section-height-default elementor-section-height-default ct-header-fixed-none ct-column-none ct-row-scroll-none\" data-id=\"a096f43\" data-element_type=\"section\" data-e-type=\"section\" data-settings=\"{&quot;_ha_eqh_enable&quot;:false}\">\n            \n                        <div class=\"elementor-container elementor-column-gap-extended \">\n                    <div class=\"elementor-column elementor-col-33 elementor-inner-column elementor-element elementor-element-8b9a67e ct-column-none col-offset-none\" data-id=\"8b9a67e\" data-element_type=\"column\" data-e-type=\"column\">\n        <div class=\"elementor-widget-wrap elementor-element-populated\">\n                    \n        \t\t<div class=\"elementor-element elementor-element-f8f0d23 elementor-position-top elementor-widget elementor-widget-image-box\" data-id=\"f8f0d23\" data-element_type=\"widget\" data-e-type=\"widget\" data-widget_type=\"image-box.default\">\n\t\t\t\t<div class=\"elementor-widget-container\">\n\t\t\t\t\t<div class=\"elementor-image-box-wrapper\"><figure class=\"elementor-image-box-img\"><a href=\"\/en\/areas-of-practice\/commercial-law\/\" tabindex=\"-1\"><img decoding=\"async\" width=\"588\" height=\"343\" src=\"https:\/\/lafuenteabogados.com\/wp-content\/uploads\/2023\/01\/derecho-mercantil-1.jpg\" class=\"attachment-full size-full wp-image-20165\" alt=\"DERECHO MERCANTIL\" srcset=\"https:\/\/lafuenteabogados.com\/wp-content\/uploads\/2023\/01\/derecho-mercantil-1.jpg 588w, https:\/\/lafuenteabogados.com\/wp-content\/uploads\/2023\/01\/derecho-mercantil-1-300x175.jpg 300w\" sizes=\"(max-width: 588px) 100vw, 588px\" \/><\/a><\/figure><div class=\"elementor-image-box-content\"><span class=\"elementor-image-box-title\"><a href=\"\/en\/areas-of-practice\/commercial-law\/\">Commercial Law<\/a><\/span><\/div><\/div>\t\t\t\t<\/div>\n\t\t\t\t<\/div>\n\t\t            <\/div>\n        <\/div>\n                <div class=\"elementor-column elementor-col-33 elementor-inner-column elementor-element elementor-element-7cb9b66 ct-column-none col-offset-none\" data-id=\"7cb9b66\" data-element_type=\"column\" data-e-type=\"column\">\n        <div class=\"elementor-widget-wrap elementor-element-populated\">\n                    \n        \t\t<div class=\"elementor-element elementor-element-6238c4d elementor-position-top elementor-widget elementor-widget-image-box\" data-id=\"6238c4d\" data-element_type=\"widget\" data-e-type=\"widget\" data-widget_type=\"image-box.default\">\n\t\t\t\t<div class=\"elementor-widget-container\">\n\t\t\t\t\t<div class=\"elementor-image-box-wrapper\"><figure class=\"elementor-image-box-img\"><a href=\"\/en\/areas-of-practice\/civil-law\/\" tabindex=\"-1\"><img decoding=\"async\" width=\"588\" height=\"343\" src=\"https:\/\/lafuenteabogados.com\/wp-content\/uploads\/2023\/01\/derecho-civil.jpg\" class=\"attachment-full size-full wp-image-20169\" alt=\"Derecho civil\" srcset=\"https:\/\/lafuenteabogados.com\/wp-content\/uploads\/2023\/01\/derecho-civil.jpg 588w, https:\/\/lafuenteabogados.com\/wp-content\/uploads\/2023\/01\/derecho-civil-300x175.jpg 300w\" sizes=\"(max-width: 588px) 100vw, 588px\" \/><\/a><\/figure><div class=\"elementor-image-box-content\"><span class=\"elementor-image-box-title\"><a href=\"\/en\/areas-of-practice\/civil-law\/\">Civil Law<\/a><\/span><\/div><\/div>\t\t\t\t<\/div>\n\t\t\t\t<\/div>\n\t\t            <\/div>\n        <\/div>\n                <div class=\"elementor-column elementor-col-33 elementor-inner-column elementor-element elementor-element-ef14bc1 ct-column-none col-offset-none\" data-id=\"ef14bc1\" data-element_type=\"column\" data-e-type=\"column\">\n        <div class=\"elementor-widget-wrap\">\n                    \n                    <\/div>\n        <\/div>\n                    <\/div>\n        <\/section>\n                    <\/div>\n        <\/div>\n                    <\/div>\n        <\/section>\n        \t\t<\/div>\n\t\t","protected":false},"excerpt":{"rendered":"<p>Experience and professionalism Ram\u00f3n Perpi\u00f1\u00e1 Par\u00eds CONTACT US Biography Law degree from the University of Balearic Islands in 1985. In 1986, he started his career in the law firm \u201cVillalonga Cerd\u00e1\u201d, in Palma de Mallorca, specialized in road accidents. Lawyer and Tax Advisor in \u201cVidal Asesores\u201d in Palma de Mallorca between 1988 and 1993. In [&hellip;]<\/p>\n","protected":false},"author":6,"featured_media":0,"parent":21170,"menu_order":15,"comment_status":"closed","ping_status":"closed","template":"","meta":{"_uf_show_specific_survey":0,"_uf_disable_surveys":false,"footnotes":""},"class_list":["post-21403","page","type-page","status-publish","hentry"],"_links":{"self":[{"href":"https:\/\/lafuenteabogados.com\/en\/wp-json\/wp\/v2\/pages\/21403","targetHints":{"allow":["GET"]}}],"collection":[{"href":"https:\/\/lafuenteabogados.com\/en\/wp-json\/wp\/v2\/pages"}],"about":[{"href":"https:\/\/lafuenteabogados.com\/en\/wp-json\/wp\/v2\/types\/page"}],"author":[{"embeddable":true,"href":"https:\/\/lafuenteabogados.com\/en\/wp-json\/wp\/v2\/users\/6"}],"replies":[{"embeddable":true,"href":"https:\/\/lafuenteabogados.com\/en\/wp-json\/wp\/v2\/comments?post=21403"}],"version-history":[{"count":0,"href":"https:\/\/lafuenteabogados.com\/en\/wp-json\/wp\/v2\/pages\/21403\/revisions"}],"up":[{"embeddable":true,"href":"https:\/\/lafuenteabogados.com\/en\/wp-json\/wp\/v2\/pages\/21170"}],"wp:attachment":[{"href":"https:\/\/lafuenteabogados.com\/en\/wp-json\/wp\/v2\/media?parent=21403"}],"curies":[{"name":"wp","href":"https:\/\/api.w.org\/{rel}","templated":true}]}}